{"id":19,"date":"2019-02-20T19:55:39","date_gmt":"2019-02-20T18:55:39","guid":{"rendered":"http:\/\/www.orleanspokerclub.org\/test\/?page_id=19"},"modified":"2025-03-28T22:11:15","modified_gmt":"2025-03-28T21:11:15","slug":"qui-sommes-nous","status":"publish","type":"page","link":"https:\/\/www.orleanspokerclub.org\/opc\/qui-sommes-nous\/","title":{"rendered":"Qui sommes-nous ?"},"content":{"rendered":"\n<p><strong>L&#8217;association ORLEANS POKER CLUB a \u00e9t\u00e9 cr\u00e9\u00e9e fin d\u00e9cembre 2006 et est au service de tous les passionn\u00e9s de poker de la r\u00e9gion orl\u00e9anaise.<\/strong><\/p>\n\n\n\n<p>Elle a pour objectifs de :<\/p>\n\n\n\n<ul class=\"wp-block-list\">\n<li>Regrouper les joueurs de la r\u00e9gion.<\/li>\n\n\n\n<li>Organiser des tournois de Poker Texas Hold&#8217;em No Limit ainsi que d&#8217;autres variantes (Omaha, HORSE) au moins une toutes les trois semaines.<\/li>\n\n\n\n<li>Mettre en place un classement des joueurs. Participer \u00e0 des tournois inter-clubs.<\/li>\n\n\n\n<li>D\u00e9velopper de mani\u00e8re g\u00e9n\u00e9rale la pratique du poker dans la r\u00e9gion.<\/li>\n<\/ul>\n\n\n\n<p><strong>Pour adh\u00e9rer \u00e0 ORLEANS POKER CLUB<\/strong>, vous devez commencer par vous inscrire sur le site. L&#8217;adh\u00e9sion est valable pour une ann\u00e9e de septembre \u00e0 ao\u00fbt. Le montant de la cotisation s&#8217;\u00e9l\u00e8ve \u00e0 <strong>65\u20ac<\/strong>\u00a0pour l&#8217;ann\u00e9e 2024-2025 incluant la cotisation permettant de participer aux championnats Winamax online (adh\u00e9sion online seule : 40\u20ac).<\/p>\n\n\n\n<p>Le bureau de l&#8217;Orl\u00e9ans Poker Club :<\/p>\n\n\n\n<ul class=\"wp-block-list\">\n<li>Nicolas Pichon (Nycoo) : Pr\u00e9sident<\/li>\n\n\n\n<li>Christopher Marcadet (Chrizz45)&nbsp;: Vice-pr\u00e9sident<\/li>\n\n\n\n<li>Alexandre Gillet (Lalex) : Tr\u00e9sorier<\/li>\n\n\n\n<li>Simon Cauchy (Saimon) : Secr\u00e9taire<\/li>\n<\/ul>\n\n\n\n<p>Nos locaux se situent  1265 Rue de St Denis  45560 St Denis en Val, venez nous rencontrer !<\/p>\n\n\n<div class=\"wp-block-image\">\n<figure class=\"aligncenter\"><img loading=\"lazy\" decoding=\"async\" width=\"150\" height=\"150\" src=\"http:\/\/www.orleanspokerclub.org\/opc\/wp-content\/uploads\/2019\/02\/logo150.png\" alt=\"Logo\" class=\"wp-image-193\"\/><\/figure>\n<\/div>\n\n\n<p><\/p>\n","protected":false},"excerpt":{"rendered":"<p>L&#8217;association ORLEANS POKER CLUB a \u00e9t\u00e9 cr\u00e9\u00e9e fin d\u00e9cembre 2006 et est au service de tous les&#8230;<\/p>\n","protected":false},"author":1,"featured_media":0,"parent":0,"menu_order":0,"comment_status":"closed","ping_status":"closed","template":"","meta":{"_bbp_topic_count":0,"_bbp_reply_count":0,"_bbp_total_topic_count":0,"_bbp_total_reply_count":0,"_bbp_voice_count":0,"_bbp_anonymous_reply_count":0,"_bbp_topic_count_hidden":0,"_bbp_reply_count_hidden":0,"_bbp_forum_subforum_count":0,"iawp_total_views":583,"footnotes":""},"class_list":["post-19","page","type-page","status-publish","hentry"],"_links":{"self":[{"href":"https:\/\/www.orleanspokerclub.org\/opc\/wp-json\/wp\/v2\/pages\/19","targetHints":{"allow":["GET"]}}],"collection":[{"href":"https:\/\/www.orleanspokerclub.org\/opc\/wp-json\/wp\/v2\/pages"}],"about":[{"href":"https:\/\/www.orleanspokerclub.org\/opc\/wp-json\/wp\/v2\/types\/page"}],"author":[{"embeddable":true,"href":"https:\/\/www.orleanspokerclub.org\/opc\/wp-json\/wp\/v2\/users\/1"}],"replies":[{"embeddable":true,"href":"https:\/\/www.orleanspokerclub.org\/opc\/wp-json\/wp\/v2\/comments?post=19"}],"version-history":[{"count":10,"href":"https:\/\/www.orleanspokerclub.org\/opc\/wp-json\/wp\/v2\/pages\/19\/revisions"}],"predecessor-version":[{"id":2628,"href":"https:\/\/www.orleanspokerclub.org\/opc\/wp-json\/wp\/v2\/pages\/19\/revisions\/2628"}],"wp:attachment":[{"href":"https:\/\/www.orleanspokerclub.org\/opc\/wp-json\/wp\/v2\/media?parent=19"}],"curies":[{"name":"wp","href":"https:\/\/api.w.org\/{rel}","templated":true}]}}