{"id":2535,"date":"2025-03-13T20:26:22","date_gmt":"2025-03-13T19:26:22","guid":{"rendered":"https:\/\/www.orleanspokerclub.org\/opc\/?page_id=2535"},"modified":"2026-04-16T17:59:50","modified_gmt":"2026-04-16T15:59:50","slug":"inscription-a-lopt2-omaha-beach","status":"publish","type":"page","link":"https:\/\/www.orleanspokerclub.org\/opc\/orleans-poker-tour-2025\/inscription-a-lopt2-omaha-beach\/","title":{"rendered":"Pr\u00e9-Inscription \u00e0 l&#8217;OPT#2 &#8211; Omaha Beach"},"content":{"rendered":"\n<p class=\"has-text-align-center has-medium-font-size\"><strong><mark style=\"background-color:rgba(0, 0, 0, 0)\" class=\"has-inline-color has-vivid-red-color\">Le point de rencontre de ceux qui aiment avoir toutes les cartes en main !<\/mark><\/strong><\/p>\n\n\n\n<p><strong>Attention ! Le tournoi se d\u00e9roule le vendredi 1er mai \u00e0 partir de 17h.<\/strong><\/p>\n\n\n\n<p>Modalit\u00e9s pratiques :<\/p>\n\n\n\n<ul class=\"wp-block-list\">\n<li>Si je suis inscrit sur le day1 du main event le m\u00eame jour, je ne pourrais m&#8217;inscrire sur ce tournoi qu&#8217;apr\u00e8s mon bust, directement aupr\u00e8s du TD, dans la limite des places disponibles.  Le formulaire ci-joint ne sera pas pris en compte.<\/li>\n\n\n\n<li>Je prends note qu&#8217;il ne s&#8217;agit que d&#8217;une pr\u00e9-inscription, je dois valider mon inscription d\u00e9finitive entre 16h30 et 16h45 le jour du tournoi. En cas d&#8217;absence, la place sera remise en jeu.<\/li>\n<\/ul>\n\n\n\n<div class=\"forminator-guttenberg\"><div class=\"forminator-ui forminator-custom-form forminator-custom-form-2530 forminator-design--default  \" data-forminator-render=\"0\" data-form=\"forminator-module-2530\" data-uid=\"69e2e83a95a08\"><br\/><\/div><form\n\t\t\t\tid=\"forminator-module-2530\"\n\t\t\t\tclass=\"forminator-ui forminator-custom-form forminator-custom-form-2530 forminator-design--default  \"\n\t\t\t\tmethod=\"post\"\n\t\t\t\tdata-forminator-render=\"0\"\n\t\t\t\tdata-form-id=\"2530\"\n\t\t\t\t data-color-option=\"theme\" data-design=\"default\" data-grid=\"open\" style=\"display: none;\"\n\t\t\t\tdata-uid=\"69e2e83a95a08\"\n\t\t\t><div role=\"alert\" aria-live=\"polite\" class=\"forminator-response-message forminator-error\" aria-hidden=\"true\"><\/div><div class=\"forminator-row\"><div id=\"name-1\" class=\"forminator-field-name forminator-col forminator-col-12 \"><div class=\"forminator-field\"><label for=\"forminator-field-name-1_69e2e83a95a08\" id=\"forminator-field-name-1_69e2e83a95a08-label\" class=\"forminator-label\">Pseudo <span class=\"forminator-required\">*<\/span><\/label><input type=\"text\" name=\"name-1\" value=\"\" placeholder=\"\" id=\"forminator-field-name-1_69e2e83a95a08\" class=\"forminator-input forminator-name--field\" aria-required=\"true\" autocomplete=\"name\" \/><\/div><\/div><\/div><div class=\"forminator-row\"><div id=\"email-1\" class=\"forminator-field-email forminator-col forminator-col-12 \"><div class=\"forminator-field\"><label for=\"forminator-field-email-1_69e2e83a95a08\" id=\"forminator-field-email-1_69e2e83a95a08-label\" class=\"forminator-label\">E-mail <span class=\"forminator-required\">*<\/span><\/label><input type=\"email\" name=\"email-1\" value=\"\" placeholder=\"Par exemple\u00a0: jacques@martin.com\" id=\"forminator-field-email-1_69e2e83a95a08\" class=\"forminator-input forminator-email--field\" data-required=\"1\" aria-required=\"true\" autocomplete=\"email\" \/><\/div><\/div><\/div><div class=\"forminator-row\"><div id=\"text-1\" class=\"forminator-field-text forminator-col forminator-col-12 \"><div class=\"forminator-field\"><label for=\"forminator-field-text-1_69e2e83a95a08\" id=\"forminator-field-text-1_69e2e83a95a08-label\" class=\"forminator-label\">Club <span class=\"forminator-required\">*<\/span><\/label><input type=\"text\" name=\"text-1\" value=\"\" placeholder=\"\" id=\"forminator-field-text-1_69e2e83a95a08\" class=\"forminator-input forminator-name--field\" data-required=\"1\" \/><\/div><\/div><\/div><input type=\"hidden\" name=\"referer_url\" value=\"\" \/><div class=\"forminator-row forminator-row-last\"><div class=\"forminator-col\"><div class=\"forminator-field\"><button class=\"forminator-button forminator-button-submit\">S&#039;inscrire<\/button><\/div><\/div><\/div><input type=\"hidden\" id=\"forminator_nonce\" name=\"forminator_nonce\" value=\"36d562b681\" \/><input type=\"hidden\" name=\"_wp_http_referer\" value=\"\/opc\/wp-json\/wp\/v2\/pages\/2535\" \/><input type=\"hidden\" name=\"form_id\" value=\"2530\"><input type=\"hidden\" name=\"page_id\" value=\"2535\"><input type=\"hidden\" name=\"form_type\" value=\"default\"><input type=\"hidden\" name=\"current_url\" value=\"https:\/\/www.orleanspokerclub.org\/opc\/orleans-poker-tour-2025\/inscription-a-lopt2-omaha-beach\/\"><input type=\"hidden\" name=\"render_id\" value=\"0\"><input type=\"hidden\" name=\"action\" value=\"forminator_submit_form_custom-forms\"><label for=\"input_4\" class=\"forminator-hidden\" aria-hidden=\"true\">Veuillez ne pas remplir ce champ. <input id=\"input_4\" type=\"text\" name=\"input_4\" value=\"\" autocomplete=\"off\"><\/label><\/form><\/div>\n\n\n\n<p><\/p>\n","protected":false},"excerpt":{"rendered":"<p>Le point de rencontre de ceux qui aiment avoir toutes les cartes en main ! Attention !&#8230;<\/p>\n","protected":false},"author":1,"featured_media":0,"parent":2524,"menu_order":0,"comment_status":"closed","ping_status":"closed","template":"","meta":{"_bbp_topic_count":0,"_bbp_reply_count":0,"_bbp_total_topic_count":0,"_bbp_total_reply_count":0,"_bbp_voice_count":0,"_bbp_anonymous_reply_count":0,"_bbp_topic_count_hidden":0,"_bbp_reply_count_hidden":0,"_bbp_forum_subforum_count":0,"iawp_total_views":287,"footnotes":""},"class_list":["post-2535","page","type-page","status-publish","hentry"],"_links":{"self":[{"href":"https:\/\/www.orleanspokerclub.org\/opc\/wp-json\/wp\/v2\/pages\/2535","targetHints":{"allow":["GET"]}}],"collection":[{"href":"https:\/\/www.orleanspokerclub.org\/opc\/wp-json\/wp\/v2\/pages"}],"about":[{"href":"https:\/\/www.orleanspokerclub.org\/opc\/wp-json\/wp\/v2\/types\/page"}],"author":[{"embeddable":true,"href":"https:\/\/www.orleanspokerclub.org\/opc\/wp-json\/wp\/v2\/users\/1"}],"replies":[{"embeddable":true,"href":"https:\/\/www.orleanspokerclub.org\/opc\/wp-json\/wp\/v2\/comments?post=2535"}],"version-history":[{"count":8,"href":"https:\/\/www.orleanspokerclub.org\/opc\/wp-json\/wp\/v2\/pages\/2535\/revisions"}],"predecessor-version":[{"id":2915,"href":"https:\/\/www.orleanspokerclub.org\/opc\/wp-json\/wp\/v2\/pages\/2535\/revisions\/2915"}],"up":[{"embeddable":true,"href":"https:\/\/www.orleanspokerclub.org\/opc\/wp-json\/wp\/v2\/pages\/2524"}],"wp:attachment":[{"href":"https:\/\/www.orleanspokerclub.org\/opc\/wp-json\/wp\/v2\/media?parent=2535"}],"curies":[{"name":"wp","href":"https:\/\/api.w.org\/{rel}","templated":true}]}}