{"id":2543,"date":"2025-03-13T20:32:36","date_gmt":"2025-03-13T19:32:36","guid":{"rendered":"https:\/\/www.orleanspokerclub.org\/opc\/?page_id=2543"},"modified":"2026-04-16T17:58:29","modified_gmt":"2026-04-16T15:58:29","slug":"inscription-a-lopt7-win-the-button","status":"publish","type":"page","link":"https:\/\/www.orleanspokerclub.org\/opc\/orleans-poker-tour-2025\/inscription-a-lopt7-win-the-button\/","title":{"rendered":"Pr\u00e9-inscription \u00e0 l\u2019OPT#4 \u2013 Classico 8-max"},"content":{"rendered":"\n<p class=\"has-text-align-center has-medium-font-size\"><\/p>\n\n\n\n<p><strong>Attention ! Le tournoi se d\u00e9roule le dimanche 3 mai \u00e0 partir de 11h.<\/strong><\/p>\n\n\n\n<p>Modalit\u00e9s pratiques :<\/p>\n\n\n\n<ul class=\"wp-block-list\">\n<li>Si je suis inscrit sur le day2 du main event le m\u00eame jour, je ne pourrais m&#8217;inscrire sur ce tournoi qu&#8217;apr\u00e8s mon bust, directement aupr\u00e8s du TD, dans la limite des places disponibles. Le formulaire ci-joint ne sera pas pris en compte.<\/li>\n\n\n\n<li>Je prends note qu&#8217;il ne s&#8217;agit que d&#8217;une pr\u00e9-inscription, je dois valider mon inscription d\u00e9finitive entre 10h00 et 10h45 le jour du tournoi. En cas d&#8217;absence, la place sera remise en jeu.<\/li>\n<\/ul>\n\n\n\n<div class=\"forminator-guttenberg\"><div class=\"forminator-ui forminator-custom-form forminator-custom-form-2534 forminator-design--default  \" data-forminator-render=\"0\" data-form=\"forminator-module-2534\" data-uid=\"69e2e8fbad9ab\"><br\/><\/div><form\n\t\t\t\tid=\"forminator-module-2534\"\n\t\t\t\tclass=\"forminator-ui forminator-custom-form forminator-custom-form-2534 forminator-design--default  \"\n\t\t\t\tmethod=\"post\"\n\t\t\t\tdata-forminator-render=\"0\"\n\t\t\t\tdata-form-id=\"2534\"\n\t\t\t\t data-color-option=\"theme\" data-design=\"default\" data-grid=\"open\" style=\"display: none;\"\n\t\t\t\tdata-uid=\"69e2e8fbad9ab\"\n\t\t\t><div role=\"alert\" aria-live=\"polite\" class=\"forminator-response-message forminator-error\" aria-hidden=\"true\"><\/div><div class=\"forminator-row\"><div id=\"name-1\" class=\"forminator-field-name forminator-col forminator-col-12 \"><div class=\"forminator-field\"><label for=\"forminator-field-name-1_69e2e8fbad9ab\" id=\"forminator-field-name-1_69e2e8fbad9ab-label\" class=\"forminator-label\">Pseudo <span class=\"forminator-required\">*<\/span><\/label><input type=\"text\" name=\"name-1\" value=\"\" placeholder=\"\" id=\"forminator-field-name-1_69e2e8fbad9ab\" class=\"forminator-input forminator-name--field\" aria-required=\"true\" autocomplete=\"name\" \/><\/div><\/div><\/div><div class=\"forminator-row\"><div id=\"email-1\" class=\"forminator-field-email forminator-col forminator-col-12 \"><div class=\"forminator-field\"><label for=\"forminator-field-email-1_69e2e8fbad9ab\" id=\"forminator-field-email-1_69e2e8fbad9ab-label\" class=\"forminator-label\">E-mail <span class=\"forminator-required\">*<\/span><\/label><input type=\"email\" name=\"email-1\" value=\"\" placeholder=\"Par exemple\u00a0: jacques@martin.com\" id=\"forminator-field-email-1_69e2e8fbad9ab\" class=\"forminator-input forminator-email--field\" data-required=\"1\" aria-required=\"true\" autocomplete=\"email\" \/><\/div><\/div><\/div><div class=\"forminator-row\"><div id=\"text-1\" class=\"forminator-field-text forminator-col forminator-col-12 \"><div class=\"forminator-field\"><label for=\"forminator-field-text-1_69e2e8fbad9ab\" id=\"forminator-field-text-1_69e2e8fbad9ab-label\" class=\"forminator-label\">Club <span class=\"forminator-required\">*<\/span><\/label><input type=\"text\" name=\"text-1\" value=\"\" placeholder=\"\" id=\"forminator-field-text-1_69e2e8fbad9ab\" class=\"forminator-input forminator-name--field\" data-required=\"1\" \/><\/div><\/div><\/div><input type=\"hidden\" name=\"referer_url\" value=\"\" \/><div class=\"forminator-row forminator-row-last\"><div class=\"forminator-col\"><div class=\"forminator-field\"><button class=\"forminator-button forminator-button-submit\">S&#039;inscrire<\/button><\/div><\/div><\/div><input type=\"hidden\" id=\"forminator_nonce\" name=\"forminator_nonce\" value=\"97dcbbb4fd\" \/><input type=\"hidden\" name=\"_wp_http_referer\" value=\"\/opc\/wp-json\/wp\/v2\/pages\/2543\" \/><input type=\"hidden\" name=\"form_id\" value=\"2534\"><input type=\"hidden\" name=\"page_id\" value=\"2543\"><input type=\"hidden\" name=\"form_type\" value=\"default\"><input type=\"hidden\" name=\"current_url\" value=\"https:\/\/www.orleanspokerclub.org\/opc\/orleans-poker-tour-2025\/inscription-a-lopt7-win-the-button\/\"><input type=\"hidden\" name=\"render_id\" value=\"0\"><input type=\"hidden\" name=\"action\" value=\"forminator_submit_form_custom-forms\"><label for=\"input_4\" class=\"forminator-hidden\" aria-hidden=\"true\">Veuillez ne pas remplir ce champ. <input id=\"input_4\" type=\"text\" name=\"input_4\" value=\"\" autocomplete=\"off\"><\/label><\/form><\/div>\n","protected":false},"excerpt":{"rendered":"<p>Attention ! Le tournoi se d\u00e9roule le dimanche 3 mai \u00e0 partir de 11h. Modalit\u00e9s pratiques :<\/p>\n","protected":false},"author":1,"featured_media":0,"parent":2524,"menu_order":0,"comment_status":"closed","ping_status":"closed","template":"","meta":{"_bbp_topic_count":0,"_bbp_reply_count":0,"_bbp_total_topic_count":0,"_bbp_total_reply_count":0,"_bbp_voice_count":0,"_bbp_anonymous_reply_count":0,"_bbp_topic_count_hidden":0,"_bbp_reply_count_hidden":0,"_bbp_forum_subforum_count":0,"iawp_total_views":237,"footnotes":""},"class_list":["post-2543","page","type-page","status-publish","hentry"],"_links":{"self":[{"href":"https:\/\/www.orleanspokerclub.org\/opc\/wp-json\/wp\/v2\/pages\/2543","targetHints":{"allow":["GET"]}}],"collection":[{"href":"https:\/\/www.orleanspokerclub.org\/opc\/wp-json\/wp\/v2\/pages"}],"about":[{"href":"https:\/\/www.orleanspokerclub.org\/opc\/wp-json\/wp\/v2\/types\/page"}],"author":[{"embeddable":true,"href":"https:\/\/www.orleanspokerclub.org\/opc\/wp-json\/wp\/v2\/users\/1"}],"replies":[{"embeddable":true,"href":"https:\/\/www.orleanspokerclub.org\/opc\/wp-json\/wp\/v2\/comments?post=2543"}],"version-history":[{"count":8,"href":"https:\/\/www.orleanspokerclub.org\/opc\/wp-json\/wp\/v2\/pages\/2543\/revisions"}],"predecessor-version":[{"id":2913,"href":"https:\/\/www.orleanspokerclub.org\/opc\/wp-json\/wp\/v2\/pages\/2543\/revisions\/2913"}],"up":[{"embeddable":true,"href":"https:\/\/www.orleanspokerclub.org\/opc\/wp-json\/wp\/v2\/pages\/2524"}],"wp:attachment":[{"href":"https:\/\/www.orleanspokerclub.org\/opc\/wp-json\/wp\/v2\/media?parent=2543"}],"curies":[{"name":"wp","href":"https:\/\/api.w.org\/{rel}","templated":true}]}}