{"id":81,"date":"2019-02-21T23:21:55","date_gmt":"2019-02-21T22:21:55","guid":{"rendered":"http:\/\/www.orleanspokerclub.org\/test\/?page_id=81"},"modified":"2026-04-18T22:43:52","modified_gmt":"2026-04-18T20:43:52","slug":"nos-partenaires","status":"publish","type":"page","link":"https:\/\/www.orleanspokerclub.org\/opc\/nos-partenaires\/","title":{"rendered":"Nos Partenaires"},"content":{"rendered":"<h2 class=\"partners-title\">Ils nous font confiance<\/h2>\n<p class=\"partners-subtitle\">Merci \u00e0 nos partenaires qui soutiennent le club et nos \u00e9v\u00e9nements.<\/p>\n<div class=\"partners-grid\"><a href=\"https:\/\/www.winamax.fr\"><img decoding=\"async\" src=\"https:\/\/www.orleanspokerclub.org\/opc\/wp-content\/uploads\/2026\/04\/telechargement.png\" alt=\"Winamax\" \/><\/a><br \/>\n<a href=\"https:\/\/www.lartenburger.fr\"><img decoding=\"async\" src=\"http:\/\/www.orleanspokerclub.org\/opc\/wp-content\/uploads\/2019\/08\/0FD40E2D-4D9F-48B4-B918-2A14ACC4AF94.png\" alt=\"L'Art en Burger\" \/><\/a><br \/>\n<a href=\"https:\/\/www.facebook.com\/p\/Food-Corner-61579327642979\/\"><img decoding=\"async\" src=\"https:\/\/www.orleanspokerclub.org\/opc\/wp-content\/uploads\/2026\/04\/images-removebg-preview.png\" alt=\"L'Art en Tacos\" \/><\/a><br \/>\n<a href=\"https:\/\/www.instagram.com\/vandb_baule\/\"><img decoding=\"async\" src=\"https:\/\/www.orleanspokerclub.org\/opc\/wp-content\/uploads\/2026\/04\/thumbnail_LOGO-VANDB_LOGO-BAULE-1-e1776542185781.png\" alt=\"V&amp;B Baule\" \/><\/a><br \/>\n<a href=\"https:\/\/www.instagram.com\/herbalisia\/\"><img decoding=\"async\" src=\"https:\/\/www.orleanspokerclub.org\/opc\/wp-content\/uploads\/2026\/04\/image.png\" alt=\"Herbalisia\" \/><\/a><br \/>\n<a href=\"https:\/\/petitesaison.fr\/pizzas\/\"><img decoding=\"async\" src=\"https:\/\/www.orleanspokerclub.org\/opc\/wp-content\/uploads\/2026\/04\/Capture-decran-2026-04-18-174308.png\" alt=\"La Petite Saison\" \/><\/a><br \/>\n<a href=\"https:\/\/www.circus.be\/fr\/etablissements\/grand-casino-de-namur\/jeux\"><img decoding=\"async\" src=\"https:\/\/www.orleanspokerclub.org\/opc\/wp-content\/uploads\/2026\/04\/Namur.webp\" alt=\"Casino Namur\" \/><\/a><br \/>\n<a href=\"https:\/\/www.les-balneades.fr\/\"><img decoding=\"async\" src=\"https:\/\/www.orleanspokerclub.org\/opc\/wp-content\/uploads\/2026\/04\/BALNEADES-2-1.jpg\" alt=\"Les Baln\u00e9ades\" \/><\/a><br \/>\n<a href=\"https:\/\/www.parenthesesgourmandes.fr\/\"><img decoding=\"async\" src=\"https:\/\/www.orleanspokerclub.org\/opc\/wp-content\/uploads\/2026\/04\/8e6bb2_f5bdf0040a8e41d0b110374d623096a4mv2.png\" alt=\"Parenth\u00e8ses gourmandes\"\/><\/a><br \/>\n<a href=\"https:\/\/www.aaevent.fr\/\"><img decoding=\"async\" src=\"https:\/\/www.orleanspokerclub.org\/opc\/wp-content\/uploads\/2026\/04\/cropped-Logo-gauche-nom-sombre-FT-scaled-2-2.png\" alt=\"AA Event\" \/><\/a><br \/>\n<a href=\"https:\/\/romuald-et-samuel.fr\/\"><img decoding=\"async\" src=\"https:\/\/www.orleanspokerclub.org\/opc\/wp-content\/uploads\/2026\/04\/logo_rom_et_sam.png\" alt=\"Les d\u00e9barras de Romuald et Samuel\" \/><\/a><br \/>\n<a href=\"https:\/\/www.lespierresdaurele.com\/\"><img decoding=\"async\" src=\"https:\/\/www.orleanspokerclub.org\/opc\/wp-content\/uploads\/2026\/04\/les-pierres-d-aurele.jpg\" alt=\"Les pierres d'Aur\u00e8le\" \/><\/a><br \/>\n<a href=\"https:\/\/www.thaibreak.fr\/\"><img decoding=\"async\" src=\"https:\/\/www.orleanspokerclub.org\/opc\/wp-content\/uploads\/2026\/04\/logoombre-scaled.png\" alt=\"Thai Break Saran\" \/><\/a>\n<\/div>\n","protected":false},"excerpt":{"rendered":"<p>Ils nous font confiance Merci \u00e0 nos partenaires qui soutiennent le club et nos \u00e9v\u00e9nements.<\/p>\n","protected":false},"author":2,"featured_media":0,"parent":0,"menu_order":0,"comment_status":"closed","ping_status":"closed","template":"","meta":{"_bbp_topic_count":0,"_bbp_reply_count":0,"_bbp_total_topic_count":0,"_bbp_total_reply_count":0,"_bbp_voice_count":0,"_bbp_anonymous_reply_count":0,"_bbp_topic_count_hidden":0,"_bbp_reply_count_hidden":0,"_bbp_forum_subforum_count":0,"iawp_total_views":164,"footnotes":""},"class_list":["post-81","page","type-page","status-publish","hentry"],"_links":{"self":[{"href":"https:\/\/www.orleanspokerclub.org\/opc\/wp-json\/wp\/v2\/pages\/81","targetHints":{"allow":["GET"]}}],"collection":[{"href":"https:\/\/www.orleanspokerclub.org\/opc\/wp-json\/wp\/v2\/pages"}],"about":[{"href":"https:\/\/www.orleanspokerclub.org\/opc\/wp-json\/wp\/v2\/types\/page"}],"author":[{"embeddable":true,"href":"https:\/\/www.orleanspokerclub.org\/opc\/wp-json\/wp\/v2\/users\/2"}],"replies":[{"embeddable":true,"href":"https:\/\/www.orleanspokerclub.org\/opc\/wp-json\/wp\/v2\/comments?post=81"}],"version-history":[{"count":44,"href":"https:\/\/www.orleanspokerclub.org\/opc\/wp-json\/wp\/v2\/pages\/81\/revisions"}],"predecessor-version":[{"id":2983,"href":"https:\/\/www.orleanspokerclub.org\/opc\/wp-json\/wp\/v2\/pages\/81\/revisions\/2983"}],"wp:attachment":[{"href":"https:\/\/www.orleanspokerclub.org\/opc\/wp-json\/wp\/v2\/media?parent=81"}],"curies":[{"name":"wp","href":"https:\/\/api.w.org\/{rel}","templated":true}]}}